{"id":66,"date":"2023-03-02T10:25:41","date_gmt":"2023-03-02T10:25:41","guid":{"rendered":"https:\/\/www.polizeiskimeisterschaften.ch\/?page_id=66"},"modified":"2025-12-12T10:12:20","modified_gmt":"2025-12-12T10:12:20","slug":"reglemente","status":"publish","type":"page","link":"https:\/\/www.polizeiskimeisterschaften.ch\/?page_id=66","title":{"rendered":"Reglemente"},"content":{"rendered":"\n<p>Beide Reglemente wurden im 2025 \u00fcberarbeitet. Nachfolgend sind die aktuellen Reglemente aufgef\u00fchrt.<br>Es k\u00f6nnen neu auch Zivilangestellte der Korps teilnehmen und beim Riesenslalom gibt es neu zwei L\u00e4ufe. <\/p>\n\n\n\n<h2 class=\"wp-block-heading\">Reglement f\u00fcr die Schweizerische Polizei-Skimeisterschaften<\/h2>\n\n\n\n<div data-wp-interactive=\"core\/file\" class=\"wp-block-file\"><object data-wp-bind--hidden=\"!state.hasPdfPreview\" hidden class=\"wp-block-file__embed\" data=\"https:\/\/www.polizeiskimeisterschaften.ch\/wp-content\/uploads\/2025\/07\/25.01.01_Reglement_Polizeimeisterschaften_D_FINAL.pdf\" type=\"application\/pdf\" style=\"width:100%;height:270px\" aria-label=\"Einbettung von 25.01.01_Reglement_Polizeimeisterschaften_D_FINAL.\"><\/object><a id=\"wp-block-file--media-77cf4055-f683-4ce6-833a-a2b5484fc743\" href=\"https:\/\/www.polizeiskimeisterschaften.ch\/wp-content\/uploads\/2025\/07\/25.01.01_Reglement_Polizeimeisterschaften_D_FINAL.pdf\">25.01.01_Reglement_Polizeimeisterschaften_D_FINAL<\/a><\/div>\n\n\n\n<div style=\"height:50px\" aria-hidden=\"true\" class=\"wp-block-spacer\"><\/div>\n\n\n\n<h2 class=\"wp-block-heading\">Technisches Reglement<\/h2>\n\n\n\n<div data-wp-interactive=\"core\/file\" class=\"wp-block-file\"><object data-wp-bind--hidden=\"!state.hasPdfPreview\" hidden class=\"wp-block-file__embed\" data=\"https:\/\/www.polizeiskimeisterschaften.ch\/wp-content\/uploads\/2025\/07\/25.06_23_0.0_Reglement_Polizei_Ski_FINAL.pdf\" type=\"application\/pdf\" style=\"width:100%;height:270px\" aria-label=\"Einbettung von 25.06_23_0.0_Reglement_Polizei_Ski_FINAL.\"><\/object><a id=\"wp-block-file--media-6ec5176f-89c0-462e-b4a2-d23692a99fad\" href=\"https:\/\/www.polizeiskimeisterschaften.ch\/wp-content\/uploads\/2025\/07\/25.06_23_0.0_Reglement_Polizei_Ski_FINAL.pdf\">25.06_23_0.0_Reglement_Polizei_Ski_FINAL<\/a><\/div>\n\n\n\n<div data-wp-interactive=\"core\/file\" class=\"wp-block-file\"><object data-wp-bind--hidden=\"!state.hasPdfPreview\" hidden class=\"wp-block-file__embed\" data=\"https:\/\/www.polizeiskimeisterschaften.ch\/wp-content\/uploads\/2025\/12\/25.07.11_Reglement_Polizei_Ski_F_FINAL.pdf\" type=\"application\/pdf\" style=\"width:100%;height:260px\" aria-label=\"Einbettung von 25.07.11_Reglement_Polizei_Ski_F_FINAL.\"><\/object><a id=\"wp-block-file--media-6cfe78c4-cbc7-4b88-9cda-4c61609fbab5\" href=\"https:\/\/www.polizeiskimeisterschaften.ch\/wp-content\/uploads\/2025\/12\/25.07.11_Reglement_Polizei_Ski_F_FINAL.pdf\">25.07.11_Reglement_Polizei_Ski_F_FINAL<\/a><a href=\"https:\/\/www.polizeiskimeisterschaften.ch\/wp-content\/uploads\/2025\/12\/25.07.11_Reglement_Polizei_Ski_F_FINAL.pdf\" class=\"wp-block-file__button wp-element-button\" download aria-describedby=\"wp-block-file--media-6cfe78c4-cbc7-4b88-9cda-4c61609fbab5\">Herunterladen<\/a><\/div>\n\n\n\n<h2 class=\"wp-block-heading\"><\/h2>\n","protected":false},"excerpt":{"rendered":"<p>Beide Reglemente wurden im 2025 \u00fcberarbeitet. Nachfolgend sind die aktuellen Reglemente aufgef\u00fchrt.Es k\u00f6nnen neu auch Zivilangestellte der Korps teilnehmen und beim Riesenslalom gibt es neu zwei L\u00e4ufe. Reglement f\u00fcr die Schweizerische Polizei-Skimeisterschaften Technisches Reglement<\/p>\n","protected":false},"author":1,"featured_media":0,"parent":2,"menu_order":0,"comment_status":"closed","ping_status":"closed","template":"","meta":{"footnotes":""},"class_list":["post-66","page","type-page","status-publish","hentry"],"_links":{"self":[{"href":"https:\/\/www.polizeiskimeisterschaften.ch\/index.php?rest_route=\/wp\/v2\/pages\/66","targetHints":{"allow":["GET"]}}],"collection":[{"href":"https:\/\/www.polizeiskimeisterschaften.ch\/index.php?rest_route=\/wp\/v2\/pages"}],"about":[{"href":"https:\/\/www.polizeiskimeisterschaften.ch\/index.php?rest_route=\/wp\/v2\/types\/page"}],"author":[{"embeddable":true,"href":"https:\/\/www.polizeiskimeisterschaften.ch\/index.php?rest_route=\/wp\/v2\/users\/1"}],"replies":[{"embeddable":true,"href":"https:\/\/www.polizeiskimeisterschaften.ch\/index.php?rest_route=%2Fwp%2Fv2%2Fcomments&post=66"}],"version-history":[{"count":11,"href":"https:\/\/www.polizeiskimeisterschaften.ch\/index.php?rest_route=\/wp\/v2\/pages\/66\/revisions"}],"predecessor-version":[{"id":612,"href":"https:\/\/www.polizeiskimeisterschaften.ch\/index.php?rest_route=\/wp\/v2\/pages\/66\/revisions\/612"}],"up":[{"embeddable":true,"href":"https:\/\/www.polizeiskimeisterschaften.ch\/index.php?rest_route=\/wp\/v2\/pages\/2"}],"wp:attachment":[{"href":"https:\/\/www.polizeiskimeisterschaften.ch\/index.php?rest_route=%2Fwp%2Fv2%2Fmedia&parent=66"}],"curies":[{"name":"wp","href":"https:\/\/api.w.org\/{rel}","templated":true}]}}