{"id":414,"date":"2025-06-17T10:04:44","date_gmt":"2025-06-17T10:04:44","guid":{"rendered":"https:\/\/www.polizeiskimeisterschaften.ch\/?page_id=414"},"modified":"2025-09-02T14:35:25","modified_gmt":"2025-09-02T14:35:25","slug":"unterkunft","status":"publish","type":"page","link":"https:\/\/www.polizeiskimeisterschaften.ch\/?page_id=414","title":{"rendered":"Unterkunft"},"content":{"rendered":"\n<h2 class=\"wp-block-heading\"><strong>Hotels<\/strong><\/h2>\n\n\n\n<p>Jede\/r Teilnehmer\/in ist f\u00fcr die Unterkunft selbst zust\u00e4ndig. <br>Als Partner stehen uns nachfolgende Hotels zur Verf\u00fcgung. Bei diesen Unterk\u00fcnften ist ein Kontingent an Hotelzimmern reserviert (10.-13.03.2025). Falls diese bis am 12. Dezember 2025 nicht vergeben sind, wird die Reservierung aufgehoben.<\/p>\n\n\n\n<h2 class=\"wp-block-heading\"><strong>Hotel Sonnwendhof<\/strong><\/h2>\n\n\n\n<p><strong>Zimmer und Preise<\/strong> (28 Zimmer reserviert)<br>ab CHF 125.00 pro Person pro Nacht im Doppelzimmer<br>ab CHF 199.00 pro Person pro Nacht im Doppelzimmer zur Einzelbenutzung<br><strong>inkl. Fr\u00fchst\u00fcck und exkl. Beherbergungsbeb\u00fchr von CHF 4.00\/Nacht pro Person<\/strong><\/p>\n\n\n\n<p><strong>Stichwort <\/strong>&#8222;Schweizerische Polizeimeisterschaft&#8220; bei der Buchung angeben.<\/p>\n\n\n\n<figure class=\"wp-block-image size-full\"><img loading=\"lazy\" decoding=\"async\" width=\"1024\" height=\"683\" src=\"https:\/\/www.polizeiskimeisterschaften.ch\/wp-content\/uploads\/2025\/06\/hotel_sonnwendhof-1.jpg\" alt=\"\" class=\"wp-image-422\" srcset=\"https:\/\/www.polizeiskimeisterschaften.ch\/wp-content\/uploads\/2025\/06\/hotel_sonnwendhof-1.jpg 1024w, https:\/\/www.polizeiskimeisterschaften.ch\/wp-content\/uploads\/2025\/06\/hotel_sonnwendhof-1-300x200.jpg 300w, https:\/\/www.polizeiskimeisterschaften.ch\/wp-content\/uploads\/2025\/06\/hotel_sonnwendhof-1-768x512.jpg 768w\" sizes=\"auto, (max-width: 706px) 89vw, (max-width: 767px) 82vw, 740px\" \/><\/figure>\n\n\n\n<p><a href=\"https:\/\/gastbetriebe.ch\/sonnwendhof\">https:\/\/gastbetriebe.ch\/sonnwendhof<\/a><\/p>\n\n\n\n<h2 class=\"wp-block-heading\"><strong>Hotel St. Josefshaus<\/strong><\/h2>\n\n\n\n<p><strong>Zimmer und Preise <\/strong>(38 Zimmer reserviert)<br>CHF&nbsp;&nbsp; 75.00: Basic Einzelzimmer mit Etagendusche und WC<br>CHF 130.00: Standard Einzelzimmer mit Dusche und WC<br>CHF 135.00: Superior Einzelzimmer mit Dusche und WC<br>CHF 75.00 pro Person: Basic Doppelzimmer mit Etagendusche und WC<br>CHF 110.00 pro Person: Standard Doppelzimmer mit Dusche und WC<br>CHF 107.50 pro Person: Familienzimmer (2 Personen Belegung)<br>CHF 190.00: Standard Doppelzimmer zur Einzelnutzung<\/p>\n\n\n\n<p><strong>Die Preise verstehen sich inkl. Fr\u00fchst\u00fcck.<\/strong><br><strong>Bei allen Zimmern: Zuz\u00fcglich CHF 4.00 pro Person\/ Nacht Abgabe Beherbergung<\/strong><\/p>\n\n\n\n<p><strong>Stichwort <\/strong>&#8222;Schweizerische Polizeimeisterschaft&#8220; bei der Buchung angeben.<\/p>\n\n\n\n<figure class=\"wp-block-image size-full\"><img loading=\"lazy\" decoding=\"async\" width=\"1024\" height=\"681\" src=\"https:\/\/www.polizeiskimeisterschaften.ch\/wp-content\/uploads\/2025\/06\/hotel_st.josefshaus.jpg\" alt=\"\" class=\"wp-image-420\" srcset=\"https:\/\/www.polizeiskimeisterschaften.ch\/wp-content\/uploads\/2025\/06\/hotel_st.josefshaus.jpg 1024w, https:\/\/www.polizeiskimeisterschaften.ch\/wp-content\/uploads\/2025\/06\/hotel_st.josefshaus-300x200.jpg 300w, https:\/\/www.polizeiskimeisterschaften.ch\/wp-content\/uploads\/2025\/06\/hotel_st.josefshaus-768x511.jpg 768w\" sizes=\"auto, (max-width: 706px) 89vw, (max-width: 767px) 82vw, 740px\" \/><\/figure>\n\n\n\n<p><a href=\"https:\/\/gastbetriebe.ch\/josefshaus\/\">https:\/\/gastbetriebe.ch\/josefshaus\/<\/a><\/p>\n\n\n\n<h2 class=\"wp-block-heading\"><strong>Hotel Terrace<\/strong><\/h2>\n\n\n\n<p><strong>Zimmer und Preise<\/strong> (44 Zimmer reserviert)<br>Comfort Zweibettzimmer (Rabatt bereits abgezogen)<br>ab CHF 108.00 pro Person pro Nacht im Doppelzimmer<br>ab CHF 144.00 pro Person pro Nacht im Doppelzimmer zur Einzelbenutzung<br><strong>inkl. Fr\u00fchst\u00fcck<\/strong><\/p>\n\n\n\n<p>Die Buchung bitte direkt \u00fcber das <a href=\"https:\/\/www.simplebooking.it\/ibe2\/hotel\/6659?lang=DE&amp;cur=CHF&amp;guests=A&amp;hid=6659&amp;in=2026-03-10&amp;out=2026-03-13&amp;coupon=36SPS26\">Buchungsportal<\/a> mit dem <strong>Promocode 36SPS26<\/strong> damit die G\u00e4ste von den 10% Rabatt profitieren.\u00a0\u00a0\u00a0\u00a0\u00a0\u00a0\u00a0\u00a0\u00a0\u00a0\u00a0\u00a0\u00a0\u00a0\u00a0\u00a0\u00a0\u00a0\u00a0\u00a0\u00a0\u00a0\u00a0\u00a0\u00a0\u00a0\u00a0\u00a0\u00a0\u00a0\u00a0\u00a0\u00a0\u00a0\u00a0\u00a0\u00a0\u00a0\u00a0\u00a0\u00a0\u00a0\u00a0\u00a0\u00a0\u00a0\u00a0\u00a0\u00a0\u00a0\u00a0\u00a0\u00a0\u00a0\u00a0\u00a0\u00a0\u00a0\u00a0\u00a0<\/p>\n\n\n\n<figure class=\"wp-block-image size-full\"><img loading=\"lazy\" decoding=\"async\" width=\"1024\" height=\"591\" src=\"https:\/\/www.polizeiskimeisterschaften.ch\/wp-content\/uploads\/2025\/06\/hotel_terrace.jpg\" alt=\"\" class=\"wp-image-419\" srcset=\"https:\/\/www.polizeiskimeisterschaften.ch\/wp-content\/uploads\/2025\/06\/hotel_terrace.jpg 1024w, https:\/\/www.polizeiskimeisterschaften.ch\/wp-content\/uploads\/2025\/06\/hotel_terrace-300x173.jpg 300w, https:\/\/www.polizeiskimeisterschaften.ch\/wp-content\/uploads\/2025\/06\/hotel_terrace-768x443.jpg 768w\" sizes=\"auto, (max-width: 706px) 89vw, (max-width: 767px) 82vw, 740px\" \/><\/figure>\n\n\n\n<p><a href=\"https:\/\/www.titlis.ch\/de\/unterkuenfte\/hotel-terrace\">https:\/\/www.titlis.ch\/de\/unterkuenfte\/hotel-terrace<\/a><\/p>\n\n\n\n<h2 class=\"wp-block-heading\"><strong>Hotel Bellevue<\/strong><\/h2>\n\n\n\n<p><strong>Zimmer und Preise<\/strong> (65 Zimmer reserviert)<br>Doppelzimmer zur Einzelbenutzung ab CHF 280.00\/Nacht<br>Doppelzimmer ab CHF 170.00 pro Person <br>inkl. Fr\u00fchst\u00fcck<\/p>\n\n\n\n<p><strong>Stichwort <\/strong>&#8222;Schweizerische Polizeimeisterschaft&#8220; bei der Buchung angeben.<\/p>\n\n\n\n<figure class=\"wp-block-image size-full\"><img loading=\"lazy\" decoding=\"async\" width=\"1024\" height=\"681\" src=\"https:\/\/www.polizeiskimeisterschaften.ch\/wp-content\/uploads\/2025\/06\/hotel_bellevue.jpg\" alt=\"\" class=\"wp-image-418\" srcset=\"https:\/\/www.polizeiskimeisterschaften.ch\/wp-content\/uploads\/2025\/06\/hotel_bellevue.jpg 1024w, https:\/\/www.polizeiskimeisterschaften.ch\/wp-content\/uploads\/2025\/06\/hotel_bellevue-300x200.jpg 300w, https:\/\/www.polizeiskimeisterschaften.ch\/wp-content\/uploads\/2025\/06\/hotel_bellevue-768x511.jpg 768w\" sizes=\"auto, (max-width: 706px) 89vw, (max-width: 767px) 82vw, 740px\" \/><\/figure>\n\n\n\n<p><a href=\"https:\/\/www.bellevue-terminus.ch\">https:\/\/www.bellevue-terminus.ch<\/a><\/p>\n\n\n\n<p><\/p>\n","protected":false},"excerpt":{"rendered":"<p>Hotels Jede\/r Teilnehmer\/in ist f\u00fcr die Unterkunft selbst zust\u00e4ndig. Als Partner stehen uns nachfolgende Hotels zur Verf\u00fcgung. Bei diesen Unterk\u00fcnften ist ein Kontingent an Hotelzimmern reserviert (10.-13.03.2025). Falls diese bis am 12. Dezember 2025 nicht vergeben sind, wird die Reservierung aufgehoben. Hotel Sonnwendhof Zimmer und Preise (28 Zimmer reserviert)ab CHF 125.00 pro Person pro Nacht &hellip; <\/p>\n<p class=\"link-more\"><a href=\"https:\/\/www.polizeiskimeisterschaften.ch\/?page_id=414\" class=\"more-link\"><span class=\"screen-reader-text\">\u201eUnterkunft\u201c <\/span>weiterlesen<\/a><\/p>\n","protected":false},"author":3,"featured_media":0,"parent":0,"menu_order":0,"comment_status":"closed","ping_status":"closed","template":"","meta":{"footnotes":""},"class_list":["post-414","page","type-page","status-publish","hentry"],"_links":{"self":[{"href":"https:\/\/www.polizeiskimeisterschaften.ch\/index.php?rest_route=\/wp\/v2\/pages\/414","targetHints":{"allow":["GET"]}}],"collection":[{"href":"https:\/\/www.polizeiskimeisterschaften.ch\/index.php?rest_route=\/wp\/v2\/pages"}],"about":[{"href":"https:\/\/www.polizeiskimeisterschaften.ch\/index.php?rest_route=\/wp\/v2\/types\/page"}],"author":[{"embeddable":true,"href":"https:\/\/www.polizeiskimeisterschaften.ch\/index.php?rest_route=\/wp\/v2\/users\/3"}],"replies":[{"embeddable":true,"href":"https:\/\/www.polizeiskimeisterschaften.ch\/index.php?rest_route=%2Fwp%2Fv2%2Fcomments&post=414"}],"version-history":[{"count":8,"href":"https:\/\/www.polizeiskimeisterschaften.ch\/index.php?rest_route=\/wp\/v2\/pages\/414\/revisions"}],"predecessor-version":[{"id":543,"href":"https:\/\/www.polizeiskimeisterschaften.ch\/index.php?rest_route=\/wp\/v2\/pages\/414\/revisions\/543"}],"wp:attachment":[{"href":"https:\/\/www.polizeiskimeisterschaften.ch\/index.php?rest_route=%2Fwp%2Fv2%2Fmedia&parent=414"}],"curies":[{"name":"wp","href":"https:\/\/api.w.org\/{rel}","templated":true}]}}