{"id":2,"date":"2016-05-10T03:48:21","date_gmt":"2016-05-10T03:48:21","guid":{"rendered":"https:\/\/www.polizeiskimeisterschaften.ch\/?page_id=2"},"modified":"2025-06-17T09:27:19","modified_gmt":"2025-06-17T09:27:19","slug":"sample-page","status":"publish","type":"page","link":"https:\/\/www.polizeiskimeisterschaften.ch\/","title":{"rendered":"Durchf\u00fchrung der 36. Schweizer Polizei-Skimeisterschaft"},"content":{"rendered":"\n<h2 class=\"wp-block-heading\"><strong>Die 36. Schweizer Polizei-Skimeisterschaft findet  auf dem Jochpass im Kanton NW statt. <\/strong><\/h2>\n\n\n\n<p>Am Mittwoch, 11. M\u00e4rz, und Donnerstag, 12. M\u00e4rz 2026, findet auf dem Jochpass NW die 36. Schweizer Polizei-Skimeisterschaft statt. Die Kantonspolizei Nidwalden \u00fcbernimmt in diesem Jahr die Organisation und Durchf\u00fchrung des nationalen Sportanlasses.<\/p>\n\n\n\n<p>Als Austragungsort wurde der Jochpass im Titlisgebiet gew\u00e4hlt \u2013 ein Gebiet, das f\u00fcr seine schneesicheren Pisten und seine eindrucksvolle Bergkulisse bekannt ist. W\u00e4hrend zwei Tagen treffen sich Polizistinnen und Polizisten aus der ganzen Schweiz sowie aus dem F\u00fcrstentum Liechtenstein, um sich in sportlichem Wettkampf zu messen. <\/p>\n\n\n\n<p>Die Teilnehmerinnen und Teilnehmer treten in den Disziplinen <strong>Riesenslalom<\/strong>, <strong>Langlauf<\/strong> und <strong>Patrouillenlauf<\/strong> gegeneinander an. Nebst dem sportlichen Ehrgeiz steht auch die kollegiale Verbundenheit und der kameradschaftliche Austausch im Zentrum des Anlasses. <\/p>\n\n\n\n<p>Die Kantonspolizei Nidwalden freut sich, zahlreiche Teilnehmende und Zuschauerinnen und Zuschauer im Herzen der Zentralschweizer Alpen willkommen zu heissen.<\/p>\n\n\n\n<h2 class=\"wp-block-heading\"><strong>Impressionen von der 35. Schweizer Polizei-Skimeisterschaft in Graub\u00fcnden<\/strong><\/h2>\n\n\n\n<p>W\u00e4hrend zwei Tagen haben sich rund 170 Polizistinnen und Polizisten aus verschiedenen Kantonen der Schweiz sowie aus dem F\u00fcrstentum Lichtenstein in den Disziplinen Riesenslalom, Langlauf und Patrouillenlauf gemessen. <\/p>\n\n\n\n<figure class=\"wp-block-image size-full\"><img loading=\"lazy\" decoding=\"async\" width=\"900\" height=\"536\" src=\"https:\/\/www.polizeiskimeisterschaften.ch\/wp-content\/uploads\/2024\/03\/2_Rueckspiegel_SPSM2024.jpg\" alt=\"\" class=\"wp-image-381\" srcset=\"https:\/\/www.polizeiskimeisterschaften.ch\/wp-content\/uploads\/2024\/03\/2_Rueckspiegel_SPSM2024.jpg 900w, https:\/\/www.polizeiskimeisterschaften.ch\/wp-content\/uploads\/2024\/03\/2_Rueckspiegel_SPSM2024-300x179.jpg 300w, https:\/\/www.polizeiskimeisterschaften.ch\/wp-content\/uploads\/2024\/03\/2_Rueckspiegel_SPSM2024-768x457.jpg 768w\" sizes=\"auto, (max-width: 706px) 89vw, (max-width: 767px) 82vw, 740px\" \/><\/figure>\n\n\n\n<p>Am ersten Tag boten sich 21 Damen und 91 Herren auf der Weltcup erprobten Strecke &#8222;Chaiseren&#8220; einen hart umk\u00e4mpften Langlauf-Einzelwettkampf. 24 Teilnehmerinnen und 89 Teilnehmer fuhren am Donnerstagvormittag bei einem Riesenslalom-Lauf auf der FIS-Piste &#8222;Usser Isch&#8220; auf dem Jakobshorn um die Wette. Die zwei Wettkampftage wurden mit einem Patrouillenlanglauf am Donnerstagnachmittag abgeschlossen. Neun Damenteams sowie 28 Herrenteams forderten sich gegenseitig heraus.<\/p>\n\n\n\n<figure class=\"wp-block-image size-full\"><img loading=\"lazy\" decoding=\"async\" width=\"900\" height=\"505\" src=\"https:\/\/www.polizeiskimeisterschaften.ch\/wp-content\/uploads\/2024\/03\/4_Rueckspiegel_SPSM2024.jpg\" alt=\"\" class=\"wp-image-382\" srcset=\"https:\/\/www.polizeiskimeisterschaften.ch\/wp-content\/uploads\/2024\/03\/4_Rueckspiegel_SPSM2024.jpg 900w, https:\/\/www.polizeiskimeisterschaften.ch\/wp-content\/uploads\/2024\/03\/4_Rueckspiegel_SPSM2024-300x168.jpg 300w, https:\/\/www.polizeiskimeisterschaften.ch\/wp-content\/uploads\/2024\/03\/4_Rueckspiegel_SPSM2024-768x431.jpg 768w\" sizes=\"auto, (max-width: 706px) 89vw, (max-width: 767px) 82vw, 740px\" \/><\/figure>\n\n\n\n<p>Bei einer w\u00fcrdigen Rangverk\u00fcndigung am Abend konnten Monika Walker der Kantonspolizei Uri als Schweizer Polizei-Skimeisterin und Martin Rosser der Stadtpolizei Z\u00fcrich als Schweizer Polizei-Skimeister erkoren werden. Das Team der Kantonspolizei Aargau gewann mit den beiden L\u00e4uferinnen Alina Herger und Nicole Schatzmann bei den Damen und das Team der Stadtpolizei Z\u00fcrich mit den L\u00e4ufern Martin Rosser, Michael Suter und Michael Bruhin bei den Herren den Schweizer Polizei-Ski-Patrouillenlanglaufmeistertitel.<\/p>\n\n\n\n<figure class=\"wp-block-image size-full\"><img loading=\"lazy\" decoding=\"async\" width=\"900\" height=\"531\" src=\"https:\/\/www.polizeiskimeisterschaften.ch\/wp-content\/uploads\/2024\/03\/5_Rueckspiegel_SPSM2024.jpg\" alt=\"\" class=\"wp-image-383\" srcset=\"https:\/\/www.polizeiskimeisterschaften.ch\/wp-content\/uploads\/2024\/03\/5_Rueckspiegel_SPSM2024.jpg 900w, https:\/\/www.polizeiskimeisterschaften.ch\/wp-content\/uploads\/2024\/03\/5_Rueckspiegel_SPSM2024-300x177.jpg 300w, https:\/\/www.polizeiskimeisterschaften.ch\/wp-content\/uploads\/2024\/03\/5_Rueckspiegel_SPSM2024-768x453.jpg 768w\" sizes=\"auto, (max-width: 706px) 89vw, (max-width: 767px) 82vw, 740px\" \/><\/figure>\n\n\n\n<h2 class=\"wp-block-heading\"><\/h2>\n\n\n\n<p><\/p>\n","protected":false},"excerpt":{"rendered":"<p>Die 36. Schweizer Polizei-Skimeisterschaft findet auf dem Jochpass im Kanton NW statt. Am Mittwoch, 11. M\u00e4rz, und Donnerstag, 12. M\u00e4rz 2026, findet auf dem Jochpass NW die 36. Schweizer Polizei-Skimeisterschaft statt. Die Kantonspolizei Nidwalden \u00fcbernimmt in diesem Jahr die Organisation und Durchf\u00fchrung des nationalen Sportanlasses. Als Austragungsort wurde der Jochpass im Titlisgebiet gew\u00e4hlt \u2013 ein &hellip; <\/p>\n<p class=\"link-more\"><a href=\"https:\/\/www.polizeiskimeisterschaften.ch\/\" class=\"more-link\"><span class=\"screen-reader-text\">\u201eDurchf\u00fchrung der 36. Schweizer Polizei-Skimeisterschaft\u201c <\/span>weiterlesen<\/a><\/p>\n","protected":false},"author":1,"featured_media":0,"parent":0,"menu_order":0,"comment_status":"closed","ping_status":"closed","template":"","meta":{"footnotes":""},"class_list":["post-2","page","type-page","status-publish","hentry"],"_links":{"self":[{"href":"https:\/\/www.polizeiskimeisterschaften.ch\/index.php?rest_route=\/wp\/v2\/pages\/2","targetHints":{"allow":["GET"]}}],"collection":[{"href":"https:\/\/www.polizeiskimeisterschaften.ch\/index.php?rest_route=\/wp\/v2\/pages"}],"about":[{"href":"https:\/\/www.polizeiskimeisterschaften.ch\/index.php?rest_route=\/wp\/v2\/types\/page"}],"author":[{"embeddable":true,"href":"https:\/\/www.polizeiskimeisterschaften.ch\/index.php?rest_route=\/wp\/v2\/users\/1"}],"replies":[{"embeddable":true,"href":"https:\/\/www.polizeiskimeisterschaften.ch\/index.php?rest_route=%2Fwp%2Fv2%2Fcomments&post=2"}],"version-history":[{"count":41,"href":"https:\/\/www.polizeiskimeisterschaften.ch\/index.php?rest_route=\/wp\/v2\/pages\/2\/revisions"}],"predecessor-version":[{"id":410,"href":"https:\/\/www.polizeiskimeisterschaften.ch\/index.php?rest_route=\/wp\/v2\/pages\/2\/revisions\/410"}],"wp:attachment":[{"href":"https:\/\/www.polizeiskimeisterschaften.ch\/index.php?rest_route=%2Fwp%2Fv2%2Fmedia&parent=2"}],"curies":[{"name":"wp","href":"https:\/\/api.w.org\/{rel}","templated":true}]}}