{"id":140,"date":"2023-05-09T12:16:26","date_gmt":"2023-05-09T12:16:26","guid":{"rendered":"https:\/\/www.polizeiskimeisterschaften.ch\/?page_id=140"},"modified":"2026-02-23T16:21:30","modified_gmt":"2026-02-23T16:21:30","slug":"wissenswertes","status":"publish","type":"page","link":"https:\/\/www.polizeiskimeisterschaften.ch\/?page_id=140","title":{"rendered":"Wissenswertes"},"content":{"rendered":"\n<h2 class=\"wp-block-heading\"><strong>Info-Heft Polizei-Skimeisterschaft<\/strong><\/h2>\n\n\n\n<p>Das offizielle <a href=\"https:\/\/www.polizeiskimeisterschaften.ch\/wp-content\/uploads\/2026\/02\/Broschuere_Skimeisterschaft_2026.pdf\">Info-Heft der Polizei-Skimeisterschaft 2026<\/a> wurde den Teilnehmenden per Post zugestellt.<\/p>\n\n\n\n<h2 class=\"wp-block-heading\"><strong>Programm<\/strong><\/h2>\n\n\n\n<p><strong>Dienstag, 10. M\u00e4rz 2026<\/strong><\/p>\n\n\n\n<figure class=\"wp-block-table aligncenter is-style-stripes\"><table class=\"has-fixed-layout\"><tbody><tr><td><mark style=\"background-color:rgba(0, 0, 0, 0);color:#e46e8b\" class=\"has-inline-color\">08:30 Uhr<\/mark>   <\/td><td><mark style=\"background-color:rgba(0, 0, 0, 0);color:#e46e8b\" class=\"has-inline-color\">\u00d6ffnung Wettkampfb\u00fcro im Hotel Bellevue, Bahnhofstrasse 10, Engelberg (Ausgabe der Startnummern, Bergbahntickets, Erinnerungsgeschenk und Ticket zum Galaabend)<\/mark><\/td><\/tr><tr><td><mark style=\"background-color:rgba(0, 0, 0, 0)\" class=\"has-inline-color has-vivid-cyan-blue-color\">10:00 &#8211; 16:00 Uhr  <\/mark>                                                        <\/td><td><mark style=\"background-color:rgba(0, 0, 0, 0)\" class=\"has-inline-color has-vivid-cyan-blue-color\">Freies Hangbefahren auf der Originalstrecke Jochstock<\/mark><\/td><\/tr><tr><td><mark style=\"background-color:rgba(0, 0, 0, 0)\" class=\"has-inline-color has-vivid-green-cyan-color\">10:00 &#8211; 16:00 Uhr<\/mark><\/td><td><mark style=\"background-color:rgba(0, 0, 0, 0)\" class=\"has-inline-color has-vivid-green-cyan-color\">Training Langlauf auf der Loipe Gerschnialp<\/mark><\/td><\/tr><tr><td><mark style=\"background-color:rgba(0, 0, 0, 0);color:#e46e8b\" class=\"has-inline-color\">17:30 Uhr<\/mark><\/td><td><mark style=\"background-color:rgba(0, 0, 0, 0);color:#e46e8b\" class=\"has-inline-color\">Mannschaftsf\u00fchrersitzung im Wettkampfb\u00fcro Hotel Bellevue<\/mark><\/td><\/tr><\/tbody><\/table><\/figure>\n\n\n\n<p><strong>Mittwoch, 11. M\u00e4rz 2026<\/strong><\/p>\n\n\n\n<figure class=\"wp-block-table aligncenter is-style-stripes\"><table class=\"has-fixed-layout\"><tbody><tr><td><mark style=\"background-color:rgba(0, 0, 0, 0);color:#e46e8b\" class=\"has-inline-color\">07:30 &#8211; 08:30 Uhr<\/mark><\/td><td><mark style=\"background-color:rgba(0, 0, 0, 0);color:#e46e8b\" class=\"has-inline-color\">Wettkampfb\u00fcro \/ Startnummernausgabe Riesenslalom und Langlauf<\/mark><\/td><\/tr><tr><td><mark style=\"background-color:rgba(0, 0, 0, 0)\" class=\"has-inline-color has-vivid-cyan-blue-color\">08:30  Uhr<\/mark><\/td><td><mark style=\"background-color:rgba(0, 0, 0, 0)\" class=\"has-inline-color has-vivid-cyan-blue-color\">1. Bergfahrt f\u00fcr Riesenslalom und Langlauf<br>Langlauf mit Standseilbahn Engelberg \u2013 Gerschnialp (im <br>20 Minuten-Takt)<\/mark><\/td><\/tr><tr><td><mark style=\"background-color:rgba(0, 0, 0, 0)\" class=\"has-inline-color has-vivid-green-cyan-color\">09:00 &#8211; 09:45 Uhr<\/mark><\/td><td><mark style=\"background-color:rgba(0, 0, 0, 0)\" class=\"has-inline-color has-vivid-green-cyan-color\">Besichtigung Langlaufstrecke<\/mark><\/td><\/tr><tr><td><mark style=\"background-color:rgba(0, 0, 0, 0)\" class=\"has-inline-color has-vivid-cyan-blue-color\">09:30 &#8211; 10:00 Uhr<\/mark><\/td><td><mark style=\"background-color:rgba(0, 0, 0, 0)\" class=\"has-inline-color has-vivid-cyan-blue-color\">Besichtigung Riesenslalom 1. Lauf (Einlass bis 09:45 Uhr)<\/mark><\/td><\/tr><tr><td><mark style=\"background-color:rgba(0, 0, 0, 0)\" class=\"has-inline-color has-vivid-green-cyan-color\">10:00 Uhr<\/mark><\/td><td><mark style=\"background-color:rgba(0, 0, 0, 0)\" class=\"has-inline-color has-vivid-green-cyan-color\">Start Langlauf<\/mark><\/td><\/tr><tr><td><mark style=\"background-color:rgba(0, 0, 0, 0)\" class=\"has-inline-color has-vivid-cyan-blue-color\">10:15 Uhr<\/mark><\/td><td><mark style=\"background-color:rgba(0, 0, 0, 0)\" class=\"has-inline-color has-vivid-cyan-blue-color\">Start Riesenslalom 1. Lauf<\/mark><\/td><\/tr><tr><td><mark style=\"background-color:rgba(0, 0, 0, 0)\" class=\"has-inline-color has-vivid-cyan-blue-color\">12:00 &#8211; 12:30 Uhr<\/mark><\/td><td><mark style=\"background-color:rgba(0, 0, 0, 0)\" class=\"has-inline-color has-vivid-cyan-blue-color\">Besichtigung Riesenslalom 2. Lauf (Einlass bis 12:15 Uhr)<\/mark><\/td><\/tr><tr><td><mark style=\"background-color:rgba(0, 0, 0, 0)\" class=\"has-inline-color has-vivid-cyan-blue-color\">12:45 Uhr<\/mark><\/td><td><mark style=\"background-color:rgba(0, 0, 0, 0)\" class=\"has-inline-color has-vivid-cyan-blue-color\">Start Riesenslalom 2. Lauf<\/mark><\/td><\/tr><tr><td><mark style=\"background-color:rgba(0, 0, 0, 0)\" class=\"has-inline-color has-vivid-green-cyan-color\">17:00 Uhr<\/mark><\/td><td><mark style=\"background-color:rgba(0, 0, 0, 0)\" class=\"has-inline-color has-vivid-green-cyan-color\">Melden der Patrouillen Langlauf im Wettkampfb\u00fcro<\/mark><\/td><\/tr><tr><td><mark style=\"background-color:rgba(0, 0, 0, 0);color:#e46e8b\" class=\"has-inline-color\">17:30 Uhr<\/mark><\/td><td><mark style=\"background-color:rgba(0, 0, 0, 0);color:#e46e8b\" class=\"has-inline-color\">Mannschaftsf\u00fchrersitzung im Wettkampfb\u00fcro Hotel Bellevue<br>Auslosung Patrouillenlauf und Abgabe der Startnummern Patrouillenlauf<\/mark><\/td><\/tr><\/tbody><\/table><\/figure>\n\n\n\n<p><strong>Donnerstag, 12. M\u00e4rz 2026<\/strong><\/p>\n\n\n\n<figure class=\"wp-block-table aligncenter is-style-stripes\"><table class=\"has-fixed-layout\"><tbody><tr><td><mark style=\"background-color:rgba(0, 0, 0, 0)\" class=\"has-inline-color has-vivid-green-cyan-color\">ab 08:30 Uhr<\/mark>            <\/td><td><mark style=\"background-color:rgba(0, 0, 0, 0)\" class=\"has-inline-color has-vivid-green-cyan-color\">Bergfahrt f\u00fcr Langlauf mit Standseilbahn Engelberg \u2013 Gerschnialp (im 20 Minuten-Takt)<\/mark><\/td><\/tr><tr><td><mark style=\"background-color:rgba(0, 0, 0, 0)\" class=\"has-inline-color has-vivid-green-cyan-color\">10:00 Uhr  <\/mark><\/td><td><mark style=\"background-color:rgba(0, 0, 0, 0)\" class=\"has-inline-color has-vivid-green-cyan-color\">Start Patrouillenlauf Gerschnialp<\/mark><\/td><\/tr><tr><td><mark style=\"background-color:rgba(0, 0, 0, 0);color:#e46e8b\" class=\"has-inline-color\">15:30 Uhr<\/mark><\/td><td><mark style=\"background-color:rgba(0, 0, 0, 0);color:#e46e8b\" class=\"has-inline-color\">Rangverk\u00fcndigung aller Disziplinen im Kursaal Engelberg (Tenue: Uniform<\/mark>)<\/td><\/tr><tr><td><mark style=\"background-color:rgba(0, 0, 0, 0);color:#e46e8b\" class=\"has-inline-color\">anschliessend<\/mark><\/td><td><mark style=\"background-color:rgba(0, 0, 0, 0);color:#e46e8b\" class=\"has-inline-color\">Ap\u00e9ro<\/mark><\/td><\/tr><tr><td><mark style=\"background-color:rgba(0, 0, 0, 0);color:#e46e8b\" class=\"has-inline-color\">18:00 Uhr<\/mark><\/td><td><mark style=\"background-color:rgba(0, 0, 0, 0);color:#e46e8b\" class=\"has-inline-color\">T\u00fcr\u00f6ffnung Galaabend (Tenue: Casual Chic)<\/mark><\/td><\/tr><tr><td><mark style=\"background-color:rgba(0, 0, 0, 0);color:#e46e8b\" class=\"has-inline-color\">18:15 Uhr<\/mark><\/td><td><mark style=\"background-color:rgba(0, 0, 0, 0);color:#e46e8b\" class=\"has-inline-color\">Start Galadinner im Kursaal Engelberg<\/mark><\/td><\/tr><\/tbody><\/table><\/figure>\n\n\n\n<div class=\"wp-block-group is-nowrap is-layout-flex wp-container-core-group-is-layout-ad2f72ca wp-block-group-is-layout-flex\">\n<h2 class=\"wp-block-heading\"><strong>Skitickets (Bahnen\/Skilifte)<\/strong><\/h2>\n<\/div>\n\n\n\n<p>Das Bergbahn-\/Skiticket ist f\u00fcr die Teilnehmenden f\u00fcr den Trainingstag und den\/die Wettkampftag\/e inbegriffen. Die Tickets k\u00f6nnen beim Wettkampfb\u00fcro bezogen werden.<\/p>\n\n\n\n<h2 class=\"wp-block-heading\"><strong>Wettkampfgel\u00e4nde<\/strong><\/h2>\n\n\n\n<p><strong>Nordic-Wettk\u00e4mpfe (gelb):<\/strong> Fahrt via Standseilbahn von Engelberg nach Gerschnialp, entweder mit Shuttlebus Caf\u00e9 Ritz benutzen oder via Abfahrt durch den Wald zum Wettkampfgel\u00e4nde.<br><br><strong>Alpin-Wettk\u00e4mpfe (blau):<\/strong> Gondelbahn ab Engelberg bis Tr\u00fcbsee, Verbindungssessellift Tr\u00fcbsee-Hopper zum Jochpass, Sessellift Jochpass, Sessellift Jochstock, der Start GS befindet sich ca. 100 m unterhalb der Bergstation Sessellift Jochstock, Zielgel\u00e4nde unmittelbar vor dem Berggasthaus Jochh\u00fctte.<\/p>\n\n\n\n<p>Erste Bergfahrten gem\u00e4ss Informationen an den Mannschaftf\u00fchrersitzungen.<\/p>\n\n\n\n<figure class=\"wp-block-image size-full\"><img loading=\"lazy\" decoding=\"async\" width=\"1512\" height=\"851\" src=\"https:\/\/www.polizeiskimeisterschaften.ch\/wp-content\/uploads\/2026\/01\/Wettkampfgelaende.png\" alt=\"\" class=\"wp-image-647\" srcset=\"https:\/\/www.polizeiskimeisterschaften.ch\/wp-content\/uploads\/2026\/01\/Wettkampfgelaende.png 1512w, https:\/\/www.polizeiskimeisterschaften.ch\/wp-content\/uploads\/2026\/01\/Wettkampfgelaende-300x169.png 300w, https:\/\/www.polizeiskimeisterschaften.ch\/wp-content\/uploads\/2026\/01\/Wettkampfgelaende-1200x675.png 1200w, https:\/\/www.polizeiskimeisterschaften.ch\/wp-content\/uploads\/2026\/01\/Wettkampfgelaende-768x432.png 768w\" sizes=\"auto, (max-width: 706px) 89vw, (max-width: 767px) 82vw, 740px\" \/><\/figure>\n\n\n\n<h2 class=\"wp-block-heading\"><strong>Streckenbeschrieb Langlauf<\/strong><\/h2>\n\n\n\n<p>Die Nordischwettk\u00e4mpfe finden auf der Gerschnialp statt. Nachfolgend ist die Streckenf\u00fchrung auf dem Plan eingezeichnet.<\/p>\n\n\n\n<figure class=\"wp-block-image size-full\"><img loading=\"lazy\" decoding=\"async\" width=\"1402\" height=\"932\" src=\"https:\/\/www.polizeiskimeisterschaften.ch\/wp-content\/uploads\/2026\/02\/Langlaufstrecke.png\" alt=\"\" class=\"wp-image-693\" srcset=\"https:\/\/www.polizeiskimeisterschaften.ch\/wp-content\/uploads\/2026\/02\/Langlaufstrecke.png 1402w, https:\/\/www.polizeiskimeisterschaften.ch\/wp-content\/uploads\/2026\/02\/Langlaufstrecke-300x199.png 300w, https:\/\/www.polizeiskimeisterschaften.ch\/wp-content\/uploads\/2026\/02\/Langlaufstrecke-1200x798.png 1200w, https:\/\/www.polizeiskimeisterschaften.ch\/wp-content\/uploads\/2026\/02\/Langlaufstrecke-768x511.png 768w\" sizes=\"auto, (max-width: 706px) 89vw, (max-width: 767px) 82vw, 740px\" \/><\/figure>\n\n\n\n<h2 class=\"wp-block-heading\"><strong>Streckenbeschrieb Riesenslalom<\/strong><\/h2>\n\n\n\n<p>Der Riesenslalom findet auf dem Jochpass statt. Weitere Daten zur Strecke werden zu gegebener Zeit auf dieser Seite publiziert.<\/p>\n\n\n\n<figure class=\"wp-block-image size-full is-resized\"><img loading=\"lazy\" decoding=\"async\" width=\"1175\" height=\"782\" src=\"https:\/\/www.polizeiskimeisterschaften.ch\/wp-content\/uploads\/2025\/08\/Piste-Alpin-2.png\" alt=\"\" class=\"wp-image-532\" style=\"aspect-ratio:1.4733812949640288;width:674px;height:auto\" srcset=\"https:\/\/www.polizeiskimeisterschaften.ch\/wp-content\/uploads\/2025\/08\/Piste-Alpin-2.png 1175w, https:\/\/www.polizeiskimeisterschaften.ch\/wp-content\/uploads\/2025\/08\/Piste-Alpin-2-300x200.png 300w, https:\/\/www.polizeiskimeisterschaften.ch\/wp-content\/uploads\/2025\/08\/Piste-Alpin-2-768x511.png 768w\" sizes=\"auto, (max-width: 706px) 89vw, (max-width: 767px) 82vw, 740px\" \/><\/figure>\n\n\n\n<h2 class=\"wp-block-heading\">Das Goldene Buch 1982 &#8211; 2024<\/h2>\n\n\n\n<div data-wp-interactive=\"core\/file\" class=\"wp-block-file\"><object data-wp-bind--hidden=\"!state.hasPdfPreview\" hidden class=\"wp-block-file__embed\" data=\"https:\/\/www.polizeiskimeisterschaften.ch\/wp-content\/uploads\/2025\/06\/Das-Goldene-Buch.pdf\" type=\"application\/pdf\" style=\"width:100%;height:630px\" aria-label=\"Einbettung von Das-Goldene-Buch.\"><\/object><a id=\"wp-block-file--media-e4110560-a8ac-4367-853c-f7e6e2097a64\" href=\"https:\/\/www.polizeiskimeisterschaften.ch\/wp-content\/uploads\/2025\/06\/Das-Goldene-Buch.pdf\">Das-Goldene-Buch<\/a><\/div>\n\n\n\n<p><\/p>\n","protected":false},"excerpt":{"rendered":"<p>Info-Heft Polizei-Skimeisterschaft Das offizielle Info-Heft der Polizei-Skimeisterschaft 2026 wurde den Teilnehmenden per Post zugestellt. Programm Dienstag, 10. M\u00e4rz 2026 08:30 Uhr \u00d6ffnung Wettkampfb\u00fcro im Hotel Bellevue, Bahnhofstrasse 10, Engelberg (Ausgabe der Startnummern, Bergbahntickets, Erinnerungsgeschenk und Ticket zum Galaabend) 10:00 &#8211; 16:00 Uhr Freies Hangbefahren auf der Originalstrecke Jochstock 10:00 &#8211; 16:00 Uhr Training Langlauf auf &hellip; <\/p>\n<p class=\"link-more\"><a href=\"https:\/\/www.polizeiskimeisterschaften.ch\/?page_id=140\" class=\"more-link\"><span class=\"screen-reader-text\">\u201eWissenswertes\u201c <\/span>weiterlesen<\/a><\/p>\n","protected":false},"author":1,"featured_media":0,"parent":0,"menu_order":0,"comment_status":"closed","ping_status":"closed","template":"","meta":{"footnotes":""},"class_list":["post-140","page","type-page","status-publish","hentry"],"_links":{"self":[{"href":"https:\/\/www.polizeiskimeisterschaften.ch\/index.php?rest_route=\/wp\/v2\/pages\/140","targetHints":{"allow":["GET"]}}],"collection":[{"href":"https:\/\/www.polizeiskimeisterschaften.ch\/index.php?rest_route=\/wp\/v2\/pages"}],"about":[{"href":"https:\/\/www.polizeiskimeisterschaften.ch\/index.php?rest_route=\/wp\/v2\/types\/page"}],"author":[{"embeddable":true,"href":"https:\/\/www.polizeiskimeisterschaften.ch\/index.php?rest_route=\/wp\/v2\/users\/1"}],"replies":[{"embeddable":true,"href":"https:\/\/www.polizeiskimeisterschaften.ch\/index.php?rest_route=%2Fwp%2Fv2%2Fcomments&post=140"}],"version-history":[{"count":62,"href":"https:\/\/www.polizeiskimeisterschaften.ch\/index.php?rest_route=\/wp\/v2\/pages\/140\/revisions"}],"predecessor-version":[{"id":696,"href":"https:\/\/www.polizeiskimeisterschaften.ch\/index.php?rest_route=\/wp\/v2\/pages\/140\/revisions\/696"}],"wp:attachment":[{"href":"https:\/\/www.polizeiskimeisterschaften.ch\/index.php?rest_route=%2Fwp%2Fv2%2Fmedia&parent=140"}],"curies":[{"name":"wp","href":"https:\/\/api.w.org\/{rel}","templated":true}]}}