{"id":115,"date":"2023-05-05T06:37:05","date_gmt":"2023-05-05T06:37:05","guid":{"rendered":"https:\/\/www.polizeiskimeisterschaften.ch\/?page_id=115"},"modified":"2026-02-03T07:00:46","modified_gmt":"2026-02-03T07:00:46","slug":"sponsoren","status":"publish","type":"page","link":"https:\/\/www.polizeiskimeisterschaften.ch\/?page_id=115","title":{"rendered":"Sponsoren"},"content":{"rendered":"\n<h2 class=\"wp-block-heading\"><strong>Goldsponsoren<\/strong><\/h2>\n\n\n\n<figure class=\"wp-block-image size-full is-resized\"><a href=\"https:\/\/alpinefoxshop.ch\/\" target=\"_blank\" rel=\" noreferrer noopener\"><img loading=\"lazy\" decoding=\"async\" width=\"1181\" height=\"312\" src=\"https:\/\/www.polizeiskimeisterschaften.ch\/wp-content\/uploads\/2025\/10\/190620__alpinefox_logo_orange.png\" alt=\"\" class=\"wp-image-560\" style=\"width:451px;height:auto\" srcset=\"https:\/\/www.polizeiskimeisterschaften.ch\/wp-content\/uploads\/2025\/10\/190620__alpinefox_logo_orange.png 1181w, https:\/\/www.polizeiskimeisterschaften.ch\/wp-content\/uploads\/2025\/10\/190620__alpinefox_logo_orange-300x79.png 300w, https:\/\/www.polizeiskimeisterschaften.ch\/wp-content\/uploads\/2025\/10\/190620__alpinefox_logo_orange-768x203.png 768w\" sizes=\"auto, (max-width: 706px) 89vw, (max-width: 767px) 82vw, 740px\" \/><\/a><\/figure>\n\n\n\n<div style=\"height:15px\" aria-hidden=\"true\" class=\"wp-block-spacer\"><\/div>\n\n\n\n<figure class=\"wp-block-image size-full is-resized\"><a href=\"https:\/\/www.titlis.ch\/de\" target=\"_blank\" rel=\" noreferrer noopener\"><img loading=\"lazy\" decoding=\"async\" width=\"1181\" height=\"337\" src=\"https:\/\/www.polizeiskimeisterschaften.ch\/wp-content\/uploads\/2025\/10\/TITLIS-Logo_Subline_GlacierBlue_RGB-1.png\" alt=\"\" class=\"wp-image-561\" style=\"width:444px;height:auto\" srcset=\"https:\/\/www.polizeiskimeisterschaften.ch\/wp-content\/uploads\/2025\/10\/TITLIS-Logo_Subline_GlacierBlue_RGB-1.png 1181w, https:\/\/www.polizeiskimeisterschaften.ch\/wp-content\/uploads\/2025\/10\/TITLIS-Logo_Subline_GlacierBlue_RGB-1-300x86.png 300w, https:\/\/www.polizeiskimeisterschaften.ch\/wp-content\/uploads\/2025\/10\/TITLIS-Logo_Subline_GlacierBlue_RGB-1-768x219.png 768w\" sizes=\"auto, (max-width: 706px) 89vw, (max-width: 767px) 82vw, 740px\" \/><\/a><\/figure>\n\n\n\n<div style=\"height:15px\" aria-hidden=\"true\" class=\"wp-block-spacer\"><\/div>\n\n\n\n<figure class=\"wp-block-image size-large is-resized\"><a href=\"https:\/\/burgenstockresort.com\/de\" target=\"_blank\" rel=\" noreferrer noopener\"><img loading=\"lazy\" decoding=\"async\" width=\"1200\" height=\"303\" src=\"https:\/\/www.polizeiskimeisterschaften.ch\/wp-content\/uploads\/2026\/01\/Buergenstock-Resort-Logo_positive_taupe_wide-1200x303.png\" alt=\"\" class=\"wp-image-626\" style=\"aspect-ratio:3.966528735632184;width:443px;height:auto\" srcset=\"https:\/\/www.polizeiskimeisterschaften.ch\/wp-content\/uploads\/2026\/01\/Buergenstock-Resort-Logo_positive_taupe_wide-1200x303.png 1200w, https:\/\/www.polizeiskimeisterschaften.ch\/wp-content\/uploads\/2026\/01\/Buergenstock-Resort-Logo_positive_taupe_wide-300x76.png 300w, https:\/\/www.polizeiskimeisterschaften.ch\/wp-content\/uploads\/2026\/01\/Buergenstock-Resort-Logo_positive_taupe_wide-768x194.png 768w, https:\/\/www.polizeiskimeisterschaften.ch\/wp-content\/uploads\/2026\/01\/Buergenstock-Resort-Logo_positive_taupe_wide-1536x387.png 1536w, https:\/\/www.polizeiskimeisterschaften.ch\/wp-content\/uploads\/2026\/01\/Buergenstock-Resort-Logo_positive_taupe_wide.png 1658w\" sizes=\"auto, (max-width: 706px) 89vw, (max-width: 767px) 82vw, 740px\" \/><\/a><\/figure>\n\n\n\n<div style=\"height:15px\" aria-hidden=\"true\" class=\"wp-block-spacer\"><\/div>\n\n\n\n<figure class=\"wp-block-image size-large is-resized\"><a href=\"https:\/\/www.pilatus-aircraft.com\/de\" target=\"_blank\" rel=\" noreferrer noopener\"><img loading=\"lazy\" decoding=\"async\" width=\"1200\" height=\"136\" src=\"https:\/\/www.polizeiskimeisterschaften.ch\/wp-content\/uploads\/2026\/01\/Pilatus-Logo-Blau-1200x136.png\" alt=\"\" class=\"wp-image-666\" style=\"aspect-ratio:8.824877250409166;width:449px;height:auto\" srcset=\"https:\/\/www.polizeiskimeisterschaften.ch\/wp-content\/uploads\/2026\/01\/Pilatus-Logo-Blau-1200x136.png 1200w, https:\/\/www.polizeiskimeisterschaften.ch\/wp-content\/uploads\/2026\/01\/Pilatus-Logo-Blau-300x34.png 300w, https:\/\/www.polizeiskimeisterschaften.ch\/wp-content\/uploads\/2026\/01\/Pilatus-Logo-Blau-768x87.png 768w, https:\/\/www.polizeiskimeisterschaften.ch\/wp-content\/uploads\/2026\/01\/Pilatus-Logo-Blau-1536x174.png 1536w, https:\/\/www.polizeiskimeisterschaften.ch\/wp-content\/uploads\/2026\/01\/Pilatus-Logo-Blau-2048x231.png 2048w\" sizes=\"auto, (max-width: 706px) 89vw, (max-width: 767px) 82vw, 740px\" \/><\/a><\/figure>\n\n\n\n<div style=\"height:60px\" aria-hidden=\"true\" class=\"wp-block-spacer\"><\/div>\n\n\n\n<h2 class=\"wp-block-heading\"><strong>Silbersponsoren<\/strong><\/h2>\n\n\n\n<div class=\"wp-block-columns is-layout-flex wp-container-core-columns-is-layout-9d6595d7 wp-block-columns-is-layout-flex\">\n<div class=\"wp-block-column is-layout-flow wp-block-column-is-layout-flow\">\n<figure class=\"wp-block-image size-large\"><a href=\"https:\/\/www.stoeckli.ch\/\" target=\"_blank\" rel=\" noreferrer noopener\"><img loading=\"lazy\" decoding=\"async\" width=\"1200\" height=\"309\" src=\"https:\/\/www.polizeiskimeisterschaften.ch\/wp-content\/uploads\/2025\/10\/01_Stoeckli_Wortmarke_TSS_rgb-1200x309.png\" alt=\"\" class=\"wp-image-563\" srcset=\"https:\/\/www.polizeiskimeisterschaften.ch\/wp-content\/uploads\/2025\/10\/01_Stoeckli_Wortmarke_TSS_rgb-1200x309.png 1200w, https:\/\/www.polizeiskimeisterschaften.ch\/wp-content\/uploads\/2025\/10\/01_Stoeckli_Wortmarke_TSS_rgb-300x77.png 300w, https:\/\/www.polizeiskimeisterschaften.ch\/wp-content\/uploads\/2025\/10\/01_Stoeckli_Wortmarke_TSS_rgb-768x197.png 768w, https:\/\/www.polizeiskimeisterschaften.ch\/wp-content\/uploads\/2025\/10\/01_Stoeckli_Wortmarke_TSS_rgb-1536x395.png 1536w, https:\/\/www.polizeiskimeisterschaften.ch\/wp-content\/uploads\/2025\/10\/01_Stoeckli_Wortmarke_TSS_rgb-2048x527.png 2048w\" sizes=\"auto, (max-width: 706px) 89vw, (max-width: 767px) 82vw, 740px\" \/><\/a><\/figure>\n<\/div>\n\n\n\n<div class=\"wp-block-column is-layout-flow wp-block-column-is-layout-flow\">\n<figure class=\"wp-block-image size-full\"><a href=\"https:\/\/bredar.ch\/\" target=\"_blank\" rel=\" noreferrer noopener\"><img loading=\"lazy\" decoding=\"async\" width=\"660\" height=\"118\" src=\"https:\/\/www.polizeiskimeisterschaften.ch\/wp-content\/uploads\/2025\/10\/Logo_Bredar.jpg\" alt=\"\" class=\"wp-image-566\" srcset=\"https:\/\/www.polizeiskimeisterschaften.ch\/wp-content\/uploads\/2025\/10\/Logo_Bredar.jpg 660w, https:\/\/www.polizeiskimeisterschaften.ch\/wp-content\/uploads\/2025\/10\/Logo_Bredar-300x54.jpg 300w\" sizes=\"auto, (max-width: 660px) 100vw, 660px\" \/><\/a><\/figure>\n<\/div>\n<\/div>\n\n\n\n<div style=\"height:15px\" aria-hidden=\"true\" class=\"wp-block-spacer\"><\/div>\n\n\n\n<div class=\"wp-block-columns is-layout-flex wp-container-core-columns-is-layout-9d6595d7 wp-block-columns-is-layout-flex\">\n<div class=\"wp-block-column is-layout-flow wp-block-column-is-layout-flow\">\n<figure class=\"wp-block-image size-large\"><a href=\"https:\/\/www.gde-engelberg.ch\/\" target=\"_blank\" rel=\" noreferrer noopener\"><img loading=\"lazy\" decoding=\"async\" width=\"1200\" height=\"360\" src=\"https:\/\/www.polizeiskimeisterschaften.ch\/wp-content\/uploads\/2025\/10\/Logo-Gemeinde-Engelberg-gross-1200x360.jpg\" alt=\"\" class=\"wp-image-570\" srcset=\"https:\/\/www.polizeiskimeisterschaften.ch\/wp-content\/uploads\/2025\/10\/Logo-Gemeinde-Engelberg-gross-1200x360.jpg 1200w, https:\/\/www.polizeiskimeisterschaften.ch\/wp-content\/uploads\/2025\/10\/Logo-Gemeinde-Engelberg-gross-300x90.jpg 300w, https:\/\/www.polizeiskimeisterschaften.ch\/wp-content\/uploads\/2025\/10\/Logo-Gemeinde-Engelberg-gross-768x230.jpg 768w, https:\/\/www.polizeiskimeisterschaften.ch\/wp-content\/uploads\/2025\/10\/Logo-Gemeinde-Engelberg-gross-1536x461.jpg 1536w, https:\/\/www.polizeiskimeisterschaften.ch\/wp-content\/uploads\/2025\/10\/Logo-Gemeinde-Engelberg-gross-2048x614.jpg 2048w\" sizes=\"auto, (max-width: 706px) 89vw, (max-width: 767px) 82vw, 740px\" \/><\/a><\/figure>\n<\/div>\n\n\n\n<div class=\"wp-block-column is-layout-flow wp-block-column-is-layout-flow\">\n<figure class=\"wp-block-image size-full is-resized\"><a href=\"https:\/\/arenasport.ch\/\" target=\"_blank\" rel=\" noreferrer noopener\"><img loading=\"lazy\" decoding=\"async\" width=\"410\" height=\"382\" src=\"https:\/\/www.polizeiskimeisterschaften.ch\/wp-content\/uploads\/2025\/11\/arena_etikette.jpg\" alt=\"\" class=\"wp-image-592\" style=\"width:143px;height:auto\" srcset=\"https:\/\/www.polizeiskimeisterschaften.ch\/wp-content\/uploads\/2025\/11\/arena_etikette.jpg 410w, https:\/\/www.polizeiskimeisterschaften.ch\/wp-content\/uploads\/2025\/11\/arena_etikette-300x280.jpg 300w\" sizes=\"auto, (max-width: 410px) 100vw, 410px\" \/><\/a><\/figure>\n<\/div>\n<\/div>\n\n\n\n<div style=\"height:29px\" aria-hidden=\"true\" class=\"wp-block-spacer\"><\/div>\n\n\n\n<div class=\"wp-block-columns is-layout-flex wp-container-core-columns-is-layout-9d6595d7 wp-block-columns-is-layout-flex\">\n<div class=\"wp-block-column is-layout-flow wp-block-column-is-layout-flow\">\n<figure class=\"wp-block-image size-large is-resized\"><a href=\"https:\/\/www.alu-car.ch\/de\" target=\"_blank\" rel=\" noreferrer noopener\"><img loading=\"lazy\" decoding=\"async\" width=\"1200\" height=\"611\" src=\"https:\/\/www.polizeiskimeisterschaften.ch\/wp-content\/uploads\/2026\/01\/AluCar_Logo_2019_Schwarz-1200x611.jpg\" alt=\"\" class=\"wp-image-624\" style=\"aspect-ratio:1.9640535372848948;width:306px;height:auto\" srcset=\"https:\/\/www.polizeiskimeisterschaften.ch\/wp-content\/uploads\/2026\/01\/AluCar_Logo_2019_Schwarz-1200x611.jpg 1200w, https:\/\/www.polizeiskimeisterschaften.ch\/wp-content\/uploads\/2026\/01\/AluCar_Logo_2019_Schwarz-300x153.jpg 300w, https:\/\/www.polizeiskimeisterschaften.ch\/wp-content\/uploads\/2026\/01\/AluCar_Logo_2019_Schwarz-768x391.jpg 768w, https:\/\/www.polizeiskimeisterschaften.ch\/wp-content\/uploads\/2026\/01\/AluCar_Logo_2019_Schwarz-1536x783.jpg 1536w, https:\/\/www.polizeiskimeisterschaften.ch\/wp-content\/uploads\/2026\/01\/AluCar_Logo_2019_Schwarz-2048x1043.jpg 2048w\" sizes=\"auto, (max-width: 706px) 89vw, (max-width: 767px) 82vw, 740px\" \/><\/a><\/figure>\n\n\n\n<div style=\"height:22px\" aria-hidden=\"true\" class=\"wp-block-spacer\"><\/div>\n\n\n\n<figure class=\"wp-block-image size-full is-resized\"><a href=\"https:\/\/www.ab-inbev.com\/\" target=\"_blank\" rel=\" noreferrer noopener\"><img loading=\"lazy\" decoding=\"async\" width=\"591\" height=\"413\" src=\"https:\/\/www.polizeiskimeisterschaften.ch\/wp-content\/uploads\/2026\/02\/Corona-Cero-Logo-Blue.jpg\" alt=\"\" class=\"wp-image-679\" style=\"aspect-ratio:1.4310392867093897;width:291px;height:auto\" srcset=\"https:\/\/www.polizeiskimeisterschaften.ch\/wp-content\/uploads\/2026\/02\/Corona-Cero-Logo-Blue.jpg 591w, https:\/\/www.polizeiskimeisterschaften.ch\/wp-content\/uploads\/2026\/02\/Corona-Cero-Logo-Blue-300x210.jpg 300w\" sizes=\"auto, (max-width: 591px) 100vw, 591px\" \/><\/a><\/figure>\n<\/div>\n\n\n\n<div class=\"wp-block-column is-layout-flow wp-block-column-is-layout-flow\">\n<figure class=\"wp-block-image size-full\"><a href=\"https:\/\/eviden.com\/ch-en\/\" target=\"_blank\" rel=\" noreferrer noopener\"><img loading=\"lazy\" decoding=\"async\" width=\"954\" height=\"191\" src=\"https:\/\/www.polizeiskimeisterschaften.ch\/wp-content\/uploads\/2026\/01\/2026-01-19-08_19_40-Logotype_Eviden_RGB_Orange.png\" alt=\"\" class=\"wp-image-642\" srcset=\"https:\/\/www.polizeiskimeisterschaften.ch\/wp-content\/uploads\/2026\/01\/2026-01-19-08_19_40-Logotype_Eviden_RGB_Orange.png 954w, https:\/\/www.polizeiskimeisterschaften.ch\/wp-content\/uploads\/2026\/01\/2026-01-19-08_19_40-Logotype_Eviden_RGB_Orange-300x60.png 300w, https:\/\/www.polizeiskimeisterschaften.ch\/wp-content\/uploads\/2026\/01\/2026-01-19-08_19_40-Logotype_Eviden_RGB_Orange-768x154.png 768w\" sizes=\"auto, (max-width: 706px) 89vw, (max-width: 767px) 82vw, 740px\" \/><\/a><\/figure>\n<\/div>\n<\/div>\n\n\n\n<div style=\"height:22px\" aria-hidden=\"true\" class=\"wp-block-spacer\"><\/div>\n\n\n\n<h2 class=\"wp-block-heading\"><strong>Bronzesponsoren<\/strong><\/h2>\n\n\n\n<div class=\"wp-block-columns is-layout-flex wp-container-core-columns-is-layout-9d6595d7 wp-block-columns-is-layout-flex\">\n<div class=\"wp-block-column is-layout-flow wp-block-column-is-layout-flow\">\n<figure class=\"wp-block-image size-full\"><a href=\"https:\/\/www.raiffeisen-nidwalden.ch\/\" target=\"_blank\" rel=\" noreferrer noopener\"><img loading=\"lazy\" decoding=\"async\" width=\"1181\" height=\"353\" src=\"https:\/\/www.polizeiskimeisterschaften.ch\/wp-content\/uploads\/2025\/10\/logo_raiffeisen_nidwalden_CMYK_4f-Kopie.jpg\" alt=\"\" class=\"wp-image-559\" srcset=\"https:\/\/www.polizeiskimeisterschaften.ch\/wp-content\/uploads\/2025\/10\/logo_raiffeisen_nidwalden_CMYK_4f-Kopie.jpg 1181w, https:\/\/www.polizeiskimeisterschaften.ch\/wp-content\/uploads\/2025\/10\/logo_raiffeisen_nidwalden_CMYK_4f-Kopie-300x90.jpg 300w, https:\/\/www.polizeiskimeisterschaften.ch\/wp-content\/uploads\/2025\/10\/logo_raiffeisen_nidwalden_CMYK_4f-Kopie-768x230.jpg 768w\" sizes=\"auto, (max-width: 706px) 89vw, (max-width: 767px) 82vw, 740px\" \/><\/a><\/figure>\n<\/div>\n\n\n\n<div class=\"wp-block-column is-layout-flow wp-block-column-is-layout-flow\">\n<figure class=\"wp-block-image size-full\"><a href=\"https:\/\/zimgroup.ch\/\" target=\"_blank\" rel=\" noreferrer noopener\"><img loading=\"lazy\" decoding=\"async\" width=\"1181\" height=\"410\" src=\"https:\/\/www.polizeiskimeisterschaften.ch\/wp-content\/uploads\/2025\/10\/zimmermann_logo_dachmarke.jpg\" alt=\"\" class=\"wp-image-567\" srcset=\"https:\/\/www.polizeiskimeisterschaften.ch\/wp-content\/uploads\/2025\/10\/zimmermann_logo_dachmarke.jpg 1181w, https:\/\/www.polizeiskimeisterschaften.ch\/wp-content\/uploads\/2025\/10\/zimmermann_logo_dachmarke-300x104.jpg 300w, https:\/\/www.polizeiskimeisterschaften.ch\/wp-content\/uploads\/2025\/10\/zimmermann_logo_dachmarke-768x267.jpg 768w\" sizes=\"auto, (max-width: 706px) 89vw, (max-width: 767px) 82vw, 740px\" \/><\/a><\/figure>\n<\/div>\n\n\n\n<div class=\"wp-block-column is-layout-flow wp-block-column-is-layout-flow\">\n<figure class=\"wp-block-image size-full is-resized\"><a href=\"https:\/\/www.fischersports.com\/ch_de\/\" target=\"_blank\" rel=\" noreferrer noopener\"><img loading=\"lazy\" decoding=\"async\" width=\"1181\" height=\"1181\" src=\"https:\/\/www.polizeiskimeisterschaften.ch\/wp-content\/uploads\/2025\/11\/fischer_main-logo_web.jpg\" alt=\"\" class=\"wp-image-575\" style=\"width:139px;height:auto\" srcset=\"https:\/\/www.polizeiskimeisterschaften.ch\/wp-content\/uploads\/2025\/11\/fischer_main-logo_web.jpg 1181w, https:\/\/www.polizeiskimeisterschaften.ch\/wp-content\/uploads\/2025\/11\/fischer_main-logo_web-300x300.jpg 300w, https:\/\/www.polizeiskimeisterschaften.ch\/wp-content\/uploads\/2025\/11\/fischer_main-logo_web-150x150.jpg 150w, https:\/\/www.polizeiskimeisterschaften.ch\/wp-content\/uploads\/2025\/11\/fischer_main-logo_web-768x768.jpg 768w, https:\/\/www.polizeiskimeisterschaften.ch\/wp-content\/uploads\/2025\/11\/fischer_main-logo_web-100x100.jpg 100w\" sizes=\"auto, (max-width: 706px) 89vw, (max-width: 767px) 82vw, 740px\" \/><\/a><\/figure>\n<\/div>\n<\/div>\n\n\n\n<div class=\"wp-block-columns is-layout-flex wp-container-core-columns-is-layout-9d6595d7 wp-block-columns-is-layout-flex\">\n<div class=\"wp-block-column is-layout-flow wp-block-column-is-layout-flow\">\n<figure class=\"wp-block-image size-large\"><a href=\"https:\/\/www.lueg.com\/\" target=\"_blank\" rel=\" noreferrer noopener\"><img loading=\"lazy\" decoding=\"async\" width=\"2560\" height=\"1439\" src=\"https:\/\/www.polizeiskimeisterschaften.ch\/wp-content\/uploads\/2026\/01\/2512_Logo_LUEG_Stern_rgb-edited-scaled.png\" alt=\"\" class=\"wp-image-638\" srcset=\"https:\/\/www.polizeiskimeisterschaften.ch\/wp-content\/uploads\/2026\/01\/2512_Logo_LUEG_Stern_rgb-edited-scaled.png 2560w, https:\/\/www.polizeiskimeisterschaften.ch\/wp-content\/uploads\/2026\/01\/2512_Logo_LUEG_Stern_rgb-edited-300x169.png 300w, https:\/\/www.polizeiskimeisterschaften.ch\/wp-content\/uploads\/2026\/01\/2512_Logo_LUEG_Stern_rgb-edited-1200x675.png 1200w, https:\/\/www.polizeiskimeisterschaften.ch\/wp-content\/uploads\/2026\/01\/2512_Logo_LUEG_Stern_rgb-edited-768x432.png 768w, https:\/\/www.polizeiskimeisterschaften.ch\/wp-content\/uploads\/2026\/01\/2512_Logo_LUEG_Stern_rgb-edited-1536x864.png 1536w, https:\/\/www.polizeiskimeisterschaften.ch\/wp-content\/uploads\/2026\/01\/2512_Logo_LUEG_Stern_rgb-edited-2048x1151.png 2048w\" sizes=\"auto, (max-width: 706px) 89vw, (max-width: 767px) 82vw, 740px\" \/><\/a><\/figure>\n<\/div>\n\n\n\n<div class=\"wp-block-column is-layout-flow wp-block-column-is-layout-flow\">\n<figure class=\"wp-block-image size-large\"><a href=\"https:\/\/ssz-equipment.ch\/de\" target=\"_blank\" rel=\" noreferrer noopener\"><img loading=\"lazy\" decoding=\"async\" width=\"1200\" height=\"505\" src=\"https:\/\/www.polizeiskimeisterschaften.ch\/wp-content\/uploads\/2025\/12\/SSZ_Equipment_rgb-1200x505.jpg\" alt=\"\" class=\"wp-image-616\" srcset=\"https:\/\/www.polizeiskimeisterschaften.ch\/wp-content\/uploads\/2025\/12\/SSZ_Equipment_rgb-1200x505.jpg 1200w, https:\/\/www.polizeiskimeisterschaften.ch\/wp-content\/uploads\/2025\/12\/SSZ_Equipment_rgb-300x126.jpg 300w, https:\/\/www.polizeiskimeisterschaften.ch\/wp-content\/uploads\/2025\/12\/SSZ_Equipment_rgb-768x323.jpg 768w, https:\/\/www.polizeiskimeisterschaften.ch\/wp-content\/uploads\/2025\/12\/SSZ_Equipment_rgb.jpg 1294w\" sizes=\"auto, (max-width: 706px) 89vw, (max-width: 767px) 82vw, 740px\" \/><\/a><\/figure>\n<\/div>\n\n\n\n<div class=\"wp-block-column is-layout-flow wp-block-column-is-layout-flow\">\n<figure class=\"wp-block-image size-large is-resized\"><a href=\"https:\/\/www.vitaminwell.com\/news\/category\/switzerland\/\" target=\"_blank\" rel=\" noreferrer noopener\"><img loading=\"lazy\" decoding=\"async\" width=\"1200\" height=\"481\" src=\"https:\/\/www.polizeiskimeisterschaften.ch\/wp-content\/uploads\/2026\/01\/Vitamin-Well_Logo_Black-Kopie-1200x481.jpg\" alt=\"\" class=\"wp-image-634\" style=\"aspect-ratio:2.497217424678565;width:190px;height:auto\" srcset=\"https:\/\/www.polizeiskimeisterschaften.ch\/wp-content\/uploads\/2026\/01\/Vitamin-Well_Logo_Black-Kopie-1200x481.jpg 1200w, https:\/\/www.polizeiskimeisterschaften.ch\/wp-content\/uploads\/2026\/01\/Vitamin-Well_Logo_Black-Kopie-300x120.jpg 300w, https:\/\/www.polizeiskimeisterschaften.ch\/wp-content\/uploads\/2026\/01\/Vitamin-Well_Logo_Black-Kopie-768x308.jpg 768w, https:\/\/www.polizeiskimeisterschaften.ch\/wp-content\/uploads\/2026\/01\/Vitamin-Well_Logo_Black-Kopie-1536x615.jpg 1536w, https:\/\/www.polizeiskimeisterschaften.ch\/wp-content\/uploads\/2026\/01\/Vitamin-Well_Logo_Black-Kopie-2048x820.jpg 2048w\" sizes=\"auto, (max-width: 706px) 89vw, (max-width: 767px) 82vw, 740px\" \/><\/a><\/figure>\n<\/div>\n<\/div>\n\n\n\n<div class=\"wp-block-columns is-layout-flex wp-container-core-columns-is-layout-9d6595d7 wp-block-columns-is-layout-flex\">\n<div class=\"wp-block-column is-layout-flow wp-block-column-is-layout-flow\">\n<figure class=\"wp-block-image size-full is-resized\"><a href=\"https:\/\/www.vitaminwell.com\/news\/category\/switzerland\/\" target=\"_blank\" rel=\" noreferrer noopener\"><img loading=\"lazy\" decoding=\"async\" width=\"1189\" height=\"986\" src=\"https:\/\/www.polizeiskimeisterschaften.ch\/wp-content\/uploads\/2026\/01\/NOCCO_Logo_Blue-Kopie.jpg\" alt=\"\" class=\"wp-image-633\" style=\"aspect-ratio:1.2059123343527014;width:151px;height:auto\" srcset=\"https:\/\/www.polizeiskimeisterschaften.ch\/wp-content\/uploads\/2026\/01\/NOCCO_Logo_Blue-Kopie.jpg 1189w, https:\/\/www.polizeiskimeisterschaften.ch\/wp-content\/uploads\/2026\/01\/NOCCO_Logo_Blue-Kopie-300x249.jpg 300w, https:\/\/www.polizeiskimeisterschaften.ch\/wp-content\/uploads\/2026\/01\/NOCCO_Logo_Blue-Kopie-768x637.jpg 768w\" sizes=\"auto, (max-width: 706px) 89vw, (max-width: 767px) 82vw, 740px\" \/><\/a><\/figure>\n<\/div>\n\n\n\n<div class=\"wp-block-column is-layout-flow wp-block-column-is-layout-flow\">\n<figure class=\"wp-block-image size-large\"><a href=\"https:\/\/www.vitaminwell.com\/news\/category\/switzerland\/\" target=\"_blank\" rel=\" noreferrer noopener\"><img loading=\"lazy\" decoding=\"async\" width=\"1200\" height=\"235\" src=\"https:\/\/www.polizeiskimeisterschaften.ch\/wp-content\/uploads\/2026\/01\/BB_2.0_logotyp_CMYK_BLACK-Kopie-1200x235.jpg\" alt=\"\" class=\"wp-image-635\" srcset=\"https:\/\/www.polizeiskimeisterschaften.ch\/wp-content\/uploads\/2026\/01\/BB_2.0_logotyp_CMYK_BLACK-Kopie-1200x235.jpg 1200w, https:\/\/www.polizeiskimeisterschaften.ch\/wp-content\/uploads\/2026\/01\/BB_2.0_logotyp_CMYK_BLACK-Kopie-300x59.jpg 300w, https:\/\/www.polizeiskimeisterschaften.ch\/wp-content\/uploads\/2026\/01\/BB_2.0_logotyp_CMYK_BLACK-Kopie-768x151.jpg 768w, https:\/\/www.polizeiskimeisterschaften.ch\/wp-content\/uploads\/2026\/01\/BB_2.0_logotyp_CMYK_BLACK-Kopie-1536x301.jpg 1536w, https:\/\/www.polizeiskimeisterschaften.ch\/wp-content\/uploads\/2026\/01\/BB_2.0_logotyp_CMYK_BLACK-Kopie.jpg 1989w\" sizes=\"auto, (max-width: 706px) 89vw, (max-width: 767px) 82vw, 740px\" \/><\/a><\/figure>\n<\/div>\n\n\n\n<div class=\"wp-block-column is-layout-flow wp-block-column-is-layout-flow\"><\/div>\n<\/div>\n\n\n\n<div class=\"wp-block-columns is-layout-flex wp-container-core-columns-is-layout-9d6595d7 wp-block-columns-is-layout-flex\">\n<div class=\"wp-block-column is-layout-flow wp-block-column-is-layout-flow\"><\/div>\n<\/div>\n\n\n\n<div style=\"height:0px\" aria-hidden=\"true\" class=\"wp-block-spacer\"><\/div>\n\n\n\n<p><strong>Herzlicher Dank an unsere Sponsoren<\/strong><\/p>\n\n\n\n<p>Im Namen des gesamten Organisationskomitees m\u00f6chten wir unseren Sponsoren ein grosses Dankesch\u00f6n aussprechen. Ohne Ihre wertvolle Unterst\u00fctzung w\u00e4re die Durchf\u00fchrung unserer Polizei-Skimeisterschaft in dieser Form nicht m\u00f6glich.<\/p>\n\n\n\n<p>Dank Ihrem Engagement k\u00f6nnen wir den Teilnehmerinnen und Teilnehmern optimale Bedingungen, ein sicheres Umfeld sowie ein unvergessliches Erlebnis im Schnee bieten. Ihre Beitr\u00e4ge, sei es finanziell, materiell oder in Form von Dienstleistungen, tragen entscheidend dazu bei, dass dieser Anlass ein Erfolg wird.<\/p>\n\n\n\n<p>Wir sch\u00e4tzen Ihr Vertrauen, Ihre Partnerschaft und Ihr Engagement f\u00fcr den Schneesport ausserordentlich.<\/p>\n\n\n\n<p><strong>Vielen herzlichen Dank f\u00fcr Ihre Unterst\u00fctzung!<\/strong><\/p>\n\n\n\n<p><\/p>\n","protected":false},"excerpt":{"rendered":"<p>Goldsponsoren Silbersponsoren Bronzesponsoren Herzlicher Dank an unsere Sponsoren Im Namen des gesamten Organisationskomitees m\u00f6chten wir unseren Sponsoren ein grosses Dankesch\u00f6n aussprechen. Ohne Ihre wertvolle Unterst\u00fctzung w\u00e4re die Durchf\u00fchrung unserer Polizei-Skimeisterschaft in dieser Form nicht m\u00f6glich. Dank Ihrem Engagement k\u00f6nnen wir den Teilnehmerinnen und Teilnehmern optimale Bedingungen, ein sicheres Umfeld sowie ein unvergessliches Erlebnis im Schnee &hellip; <\/p>\n<p class=\"link-more\"><a href=\"https:\/\/www.polizeiskimeisterschaften.ch\/?page_id=115\" class=\"more-link\"><span class=\"screen-reader-text\">\u201eSponsoren\u201c <\/span>weiterlesen<\/a><\/p>\n","protected":false},"author":1,"featured_media":0,"parent":0,"menu_order":0,"comment_status":"closed","ping_status":"closed","template":"","meta":{"footnotes":""},"class_list":["post-115","page","type-page","status-publish","hentry"],"_links":{"self":[{"href":"https:\/\/www.polizeiskimeisterschaften.ch\/index.php?rest_route=\/wp\/v2\/pages\/115","targetHints":{"allow":["GET"]}}],"collection":[{"href":"https:\/\/www.polizeiskimeisterschaften.ch\/index.php?rest_route=\/wp\/v2\/pages"}],"about":[{"href":"https:\/\/www.polizeiskimeisterschaften.ch\/index.php?rest_route=\/wp\/v2\/types\/page"}],"author":[{"embeddable":true,"href":"https:\/\/www.polizeiskimeisterschaften.ch\/index.php?rest_route=\/wp\/v2\/users\/1"}],"replies":[{"embeddable":true,"href":"https:\/\/www.polizeiskimeisterschaften.ch\/index.php?rest_route=%2Fwp%2Fv2%2Fcomments&post=115"}],"version-history":[{"count":117,"href":"https:\/\/www.polizeiskimeisterschaften.ch\/index.php?rest_route=\/wp\/v2\/pages\/115\/revisions"}],"predecessor-version":[{"id":680,"href":"https:\/\/www.polizeiskimeisterschaften.ch\/index.php?rest_route=\/wp\/v2\/pages\/115\/revisions\/680"}],"wp:attachment":[{"href":"https:\/\/www.polizeiskimeisterschaften.ch\/index.php?rest_route=%2Fwp%2Fv2%2Fmedia&parent=115"}],"curies":[{"name":"wp","href":"https:\/\/api.w.org\/{rel}","templated":true}]}}